{"id":18330,"date":"2026-04-20T08:05:03","date_gmt":"2026-04-20T06:05:03","guid":{"rendered":"https:\/\/ic-lotos.org.ba\/?page_id=18330"},"modified":"2026-04-20T08:35:15","modified_gmt":"2026-04-20T06:35:15","slug":"kampanje","status":"publish","type":"page","link":"https:\/\/ic-lotos.org.ba\/en\/kampanje\/","title":{"rendered":"KAMPANJE"},"content":{"rendered":"<p data-start=\"36\" data-end=\"421\">Dobrodo\u0161li na platformu posve\u0107enu predstavljanju i promociji kampanja koje imaju za cilj unapre\u0111enje zajednice i dru\u0161tva u cjelini. Na ovoj stranici \u0107ete prona\u0107i razli\u010dite inicijative koje se bave klju\u010dnim pitanjima, izazovima i prilikama u na\u0161oj okolini. Svaka kampanja predstavlja priliku za aktivno sudjelovanje i doprinos zajedni\u010dkom cilju \u2014 stvaranju boljeg i pravednijeg dru\u0161tva.<\/p>\n<p data-start=\"423\" data-end=\"567\">Pratite najnovije projekte, informirajte se o njihovim ciljevima i obavezama te se pridru\u017eite inicijativama koje mogu donijeti stvarnu promjenu.<\/p>\n<p data-start=\"423\" data-end=\"567\"><a href=\"https:\/\/ic-lotos.org.ba\/en\/home-9\/\u02ddtvoja-prava-su-i-moja-prava\u02dd\/\" target=\"_blank\" rel=\"noopener\"><img fetchpriority=\"high\" decoding=\"async\" class=\"alignnone wp-image-18340\" src=\"https:\/\/ic-lotos.org.ba\/wp-content\/uploads\/2026\/04\/FULLHD-1920x1080-1.jpg\" alt=\"\" width=\"366\" height=\"206\" \/><\/a><\/p>\n<div class=\"gsp_post_data\" \r\n\t            data-post_type=\"page\" \r\n\t            data-cat=\"\" \r\n\t            data-modified=\"120\"\r\n\t            data-created=\"1776672303\"\r\n\t            data-title=\"KAMPANJE\" \r\n\t            data-home=\"https:\/\/ic-lotos.org.ba\/en\"><\/div>","protected":false},"excerpt":{"rendered":"<p>Dobrodo\u0161li na platformu posve\u0107enu predstavljanju i promociji kampanja koje imaju za cilj unapre\u0111enje zajednice i dru\u0161tva u cjelini. Na ovoj stranici \u0107ete prona\u0107i razli\u010dite inicijative koje se bave klju\u010dnim pitanjima, izazovima i prilikama u na\u0161oj okolini. Svaka kampanja predstavlja priliku [&hellip;]<\/p>\n","protected":false},"author":5,"featured_media":0,"parent":0,"menu_order":0,"comment_status":"closed","ping_status":"closed","template":"","meta":{"footnotes":""},"class_list":["post-18330","page","type-page","status-publish","hentry"],"yoast_head":"<!-- This site is optimized with the Yoast SEO plugin v27.4 - https:\/\/yoast.com\/product\/yoast-seo-wordpress\/ -->\n<title>KAMPANJE - IC Lotos Tuzla<\/title>\n<meta name=\"robots\" content=\"index, follow, max-snippet:-1, max-image-preview:large, max-video-preview:-1\" \/>\n<link rel=\"canonical\" href=\"https:\/\/ic-lotos.org.ba\/en\/kampanje\/\" \/>\n<meta property=\"og:locale\" content=\"en_US\" \/>\n<meta property=\"og:type\" content=\"article\" \/>\n<meta property=\"og:title\" content=\"KAMPANJE - IC Lotos Tuzla\" \/>\n<meta property=\"og:description\" content=\"Dobrodo\u0161li na platformu posve\u0107enu predstavljanju i promociji kampanja koje imaju za cilj unapre\u0111enje zajednice i dru\u0161tva u cjelini. Na ovoj stranici \u0107ete prona\u0107i razli\u010dite inicijative koje se bave klju\u010dnim pitanjima, izazovima i prilikama u na\u0161oj okolini. Svaka kampanja predstavlja priliku [&hellip;]\" \/>\n<meta property=\"og:url\" content=\"https:\/\/ic-lotos.org.ba\/en\/kampanje\/\" \/>\n<meta property=\"og:site_name\" content=\"IC Lotos Tuzla\" \/>\n<meta property=\"article:publisher\" content=\"https:\/\/www.facebook.com\/iclotos\/\" \/>\n<meta property=\"article:modified_time\" content=\"2026-04-20T06:35:15+00:00\" \/>\n<meta property=\"og:image\" content=\"https:\/\/ic-lotos.org.ba\/wp-content\/uploads\/2026\/04\/FULLHD-1920x1080-1-e1776666868825.jpg\" \/>\n\t<meta property=\"og:image:width\" content=\"1350\" \/>\n\t<meta property=\"og:image:height\" content=\"1080\" \/>\n\t<meta property=\"og:image:type\" content=\"image\/jpeg\" \/>\n<meta name=\"twitter:card\" content=\"summary_large_image\" \/>\n<meta name=\"twitter:label1\" content=\"Est. reading time\" \/>\n\t<meta name=\"twitter:data1\" content=\"1 minute\" \/>\n<script type=\"application\/ld+json\" class=\"yoast-schema-graph\">{\"@context\":\"https:\\\/\\\/schema.org\",\"@graph\":[{\"@type\":\"WebPage\",\"@id\":\"https:\\\/\\\/ic-lotos.org.ba\\\/kampanje\\\/\",\"url\":\"https:\\\/\\\/ic-lotos.org.ba\\\/kampanje\\\/\",\"name\":\"KAMPANJE - IC Lotos Tuzla\",\"isPartOf\":{\"@id\":\"https:\\\/\\\/ic-lotos.org.ba\\\/#website\"},\"primaryImageOfPage\":{\"@id\":\"https:\\\/\\\/ic-lotos.org.ba\\\/kampanje\\\/#primaryimage\"},\"image\":{\"@id\":\"https:\\\/\\\/ic-lotos.org.ba\\\/kampanje\\\/#primaryimage\"},\"thumbnailUrl\":\"https:\\\/\\\/ic-lotos.org.ba\\\/wp-content\\\/uploads\\\/2026\\\/04\\\/FULLHD-1920x1080-1.jpg\",\"datePublished\":\"2026-04-20T06:05:03+00:00\",\"dateModified\":\"2026-04-20T06:35:15+00:00\",\"breadcrumb\":{\"@id\":\"https:\\\/\\\/ic-lotos.org.ba\\\/kampanje\\\/#breadcrumb\"},\"inLanguage\":\"en-US\",\"potentialAction\":[{\"@type\":\"ReadAction\",\"target\":[\"https:\\\/\\\/ic-lotos.org.ba\\\/kampanje\\\/\"]}]},{\"@type\":\"ImageObject\",\"inLanguage\":\"en-US\",\"@id\":\"https:\\\/\\\/ic-lotos.org.ba\\\/kampanje\\\/#primaryimage\",\"url\":\"https:\\\/\\\/ic-lotos.org.ba\\\/wp-content\\\/uploads\\\/2026\\\/04\\\/FULLHD-1920x1080-1.jpg\",\"contentUrl\":\"https:\\\/\\\/ic-lotos.org.ba\\\/wp-content\\\/uploads\\\/2026\\\/04\\\/FULLHD-1920x1080-1.jpg\"},{\"@type\":\"BreadcrumbList\",\"@id\":\"https:\\\/\\\/ic-lotos.org.ba\\\/kampanje\\\/#breadcrumb\",\"itemListElement\":[{\"@type\":\"ListItem\",\"position\":1,\"name\":\"Naslovna\",\"item\":\"https:\\\/\\\/ic-lotos.org.ba\\\/\"},{\"@type\":\"ListItem\",\"position\":2,\"name\":\"KAMPANJE\"}]},{\"@type\":\"WebSite\",\"@id\":\"https:\\\/\\\/ic-lotos.org.ba\\\/#website\",\"url\":\"https:\\\/\\\/ic-lotos.org.ba\\\/\",\"name\":\"IC Lotos Tuzla\",\"description\":\"Informativni centar \u201cLotos\u201d okuplja osobe sa ili bez invaliditeta koje su zainteresovane da svojim radom bilo na profesionalnoj ili volonterskoj osnovi doprinesu ostvarivanju misije organizacije.\",\"publisher\":{\"@id\":\"https:\\\/\\\/ic-lotos.org.ba\\\/#organization\"},\"potentialAction\":[{\"@type\":\"SearchAction\",\"target\":{\"@type\":\"EntryPoint\",\"urlTemplate\":\"https:\\\/\\\/ic-lotos.org.ba\\\/?s={search_term_string}\"},\"query-input\":{\"@type\":\"PropertyValueSpecification\",\"valueRequired\":true,\"valueName\":\"search_term_string\"}}],\"inLanguage\":\"en-US\"},{\"@type\":\"Organization\",\"@id\":\"https:\\\/\\\/ic-lotos.org.ba\\\/#organization\",\"name\":\"IC Lotos Tuzla\",\"url\":\"https:\\\/\\\/ic-lotos.org.ba\\\/\",\"logo\":{\"@type\":\"ImageObject\",\"inLanguage\":\"en-US\",\"@id\":\"https:\\\/\\\/ic-lotos.org.ba\\\/#\\\/schema\\\/logo\\\/image\\\/\",\"url\":\"https:\\\/\\\/ic-lotos.org.ba\\\/wp-content\\\/uploads\\\/2019\\\/11\\\/logo.jpg\",\"contentUrl\":\"https:\\\/\\\/ic-lotos.org.ba\\\/wp-content\\\/uploads\\\/2019\\\/11\\\/logo.jpg\",\"width\":575,\"height\":623,\"caption\":\"IC Lotos Tuzla\"},\"image\":{\"@id\":\"https:\\\/\\\/ic-lotos.org.ba\\\/#\\\/schema\\\/logo\\\/image\\\/\"},\"sameAs\":[\"https:\\\/\\\/www.facebook.com\\\/iclotos\\\/\",\"https:\\\/\\\/www.youtube.com\\\/feed\\\/library\"]}]}<\/script>\n<!-- \/ Yoast SEO plugin. -->","yoast_head_json":{"title":"KAMPANJE - IC Lotos Tuzla","robots":{"index":"index","follow":"follow","max-snippet":"max-snippet:-1","max-image-preview":"max-image-preview:large","max-video-preview":"max-video-preview:-1"},"canonical":"https:\/\/ic-lotos.org.ba\/en\/kampanje\/","og_locale":"en_US","og_type":"article","og_title":"KAMPANJE - IC Lotos Tuzla","og_description":"Dobrodo\u0161li na platformu posve\u0107enu predstavljanju i promociji kampanja koje imaju za cilj unapre\u0111enje zajednice i dru\u0161tva u cjelini. Na ovoj stranici \u0107ete prona\u0107i razli\u010dite inicijative koje se bave klju\u010dnim pitanjima, izazovima i prilikama u na\u0161oj okolini. Svaka kampanja predstavlja priliku [&hellip;]","og_url":"https:\/\/ic-lotos.org.ba\/en\/kampanje\/","og_site_name":"IC Lotos Tuzla","article_publisher":"https:\/\/www.facebook.com\/iclotos\/","article_modified_time":"2026-04-20T06:35:15+00:00","og_image":[{"width":1350,"height":1080,"url":"https:\/\/ic-lotos.org.ba\/wp-content\/uploads\/2026\/04\/FULLHD-1920x1080-1-e1776666868825.jpg","type":"image\/jpeg"}],"twitter_card":"summary_large_image","twitter_misc":{"Est. reading time":"1 minute"},"schema":{"@context":"https:\/\/schema.org","@graph":[{"@type":"WebPage","@id":"https:\/\/ic-lotos.org.ba\/kampanje\/","url":"https:\/\/ic-lotos.org.ba\/kampanje\/","name":"KAMPANJE - IC Lotos Tuzla","isPartOf":{"@id":"https:\/\/ic-lotos.org.ba\/#website"},"primaryImageOfPage":{"@id":"https:\/\/ic-lotos.org.ba\/kampanje\/#primaryimage"},"image":{"@id":"https:\/\/ic-lotos.org.ba\/kampanje\/#primaryimage"},"thumbnailUrl":"https:\/\/ic-lotos.org.ba\/wp-content\/uploads\/2026\/04\/FULLHD-1920x1080-1.jpg","datePublished":"2026-04-20T06:05:03+00:00","dateModified":"2026-04-20T06:35:15+00:00","breadcrumb":{"@id":"https:\/\/ic-lotos.org.ba\/kampanje\/#breadcrumb"},"inLanguage":"en-US","potentialAction":[{"@type":"ReadAction","target":["https:\/\/ic-lotos.org.ba\/kampanje\/"]}]},{"@type":"ImageObject","inLanguage":"en-US","@id":"https:\/\/ic-lotos.org.ba\/kampanje\/#primaryimage","url":"https:\/\/ic-lotos.org.ba\/wp-content\/uploads\/2026\/04\/FULLHD-1920x1080-1.jpg","contentUrl":"https:\/\/ic-lotos.org.ba\/wp-content\/uploads\/2026\/04\/FULLHD-1920x1080-1.jpg"},{"@type":"BreadcrumbList","@id":"https:\/\/ic-lotos.org.ba\/kampanje\/#breadcrumb","itemListElement":[{"@type":"ListItem","position":1,"name":"Naslovna","item":"https:\/\/ic-lotos.org.ba\/"},{"@type":"ListItem","position":2,"name":"KAMPANJE"}]},{"@type":"WebSite","@id":"https:\/\/ic-lotos.org.ba\/#website","url":"https:\/\/ic-lotos.org.ba\/","name":"IC Lotos Tuzla","description":"Informativni centar \u201cLotos\u201d okuplja osobe sa ili bez invaliditeta koje su zainteresovane da svojim radom bilo na profesionalnoj ili volonterskoj osnovi doprinesu ostvarivanju misije organizacije.","publisher":{"@id":"https:\/\/ic-lotos.org.ba\/#organization"},"potentialAction":[{"@type":"SearchAction","target":{"@type":"EntryPoint","urlTemplate":"https:\/\/ic-lotos.org.ba\/?s={search_term_string}"},"query-input":{"@type":"PropertyValueSpecification","valueRequired":true,"valueName":"search_term_string"}}],"inLanguage":"en-US"},{"@type":"Organization","@id":"https:\/\/ic-lotos.org.ba\/#organization","name":"IC Lotos Tuzla","url":"https:\/\/ic-lotos.org.ba\/","logo":{"@type":"ImageObject","inLanguage":"en-US","@id":"https:\/\/ic-lotos.org.ba\/#\/schema\/logo\/image\/","url":"https:\/\/ic-lotos.org.ba\/wp-content\/uploads\/2019\/11\/logo.jpg","contentUrl":"https:\/\/ic-lotos.org.ba\/wp-content\/uploads\/2019\/11\/logo.jpg","width":575,"height":623,"caption":"IC Lotos Tuzla"},"image":{"@id":"https:\/\/ic-lotos.org.ba\/#\/schema\/logo\/image\/"},"sameAs":["https:\/\/www.facebook.com\/iclotos\/","https:\/\/www.youtube.com\/feed\/library"]}]}},"_links":{"self":[{"href":"https:\/\/ic-lotos.org.ba\/en\/wp-json\/wp\/v2\/pages\/18330","targetHints":{"allow":["GET"]}}],"collection":[{"href":"https:\/\/ic-lotos.org.ba\/en\/wp-json\/wp\/v2\/pages"}],"about":[{"href":"https:\/\/ic-lotos.org.ba\/en\/wp-json\/wp\/v2\/types\/page"}],"author":[{"embeddable":true,"href":"https:\/\/ic-lotos.org.ba\/en\/wp-json\/wp\/v2\/users\/5"}],"replies":[{"embeddable":true,"href":"https:\/\/ic-lotos.org.ba\/en\/wp-json\/wp\/v2\/comments?post=18330"}],"version-history":[{"count":6,"href":"https:\/\/ic-lotos.org.ba\/en\/wp-json\/wp\/v2\/pages\/18330\/revisions"}],"predecessor-version":[{"id":18342,"href":"https:\/\/ic-lotos.org.ba\/en\/wp-json\/wp\/v2\/pages\/18330\/revisions\/18342"}],"wp:attachment":[{"href":"https:\/\/ic-lotos.org.ba\/en\/wp-json\/wp\/v2\/media?parent=18330"}],"curies":[{"name":"wp","href":"https:\/\/api.w.org\/{rel}","templated":true}]}}