{"id":14595,"date":"2023-10-20T14:24:43","date_gmt":"2023-10-20T12:24:43","guid":{"rendered":"https:\/\/v2.ic-lotos.org.ba\/?page_id=14595"},"modified":"2026-04-30T10:44:15","modified_gmt":"2026-04-30T08:44:15","slug":"zene","status":"publish","type":"page","link":"https:\/\/ic-lotos.org.ba\/en\/programi\/zene\/","title":{"rendered":"Women"},"content":{"rendered":"<div data-elementor-type=\"wp-page\" data-elementor-id=\"14595\" class=\"elementor elementor-14595\" data-elementor-post-type=\"page\">\n\t\t\t\t<div class=\"elementor-element elementor-element-1f80c71 e-flex e-con-boxed e-con e-parent\" data-id=\"1f80c71\" data-element_type=\"container\" data-e-type=\"container\">\n\t\t\t\t\t<div class=\"e-con-inner\">\n\t\t\t\t<div class=\"elementor-element elementor-element-a381cbc elementor-widget__width-inherit elementor-widget-mobile__width-inherit elementor-widget elementor-widget-heading\" data-id=\"a381cbc\" data-element_type=\"widget\" data-e-type=\"widget\" data-settings=\"{&quot;avante_ext_is_scrollme&quot;:&quot;false&quot;,&quot;avante_ext_is_infinite&quot;:&quot;false&quot;,&quot;avante_ext_link_sidemenu&quot;:&quot;false&quot;}\" data-widget_type=\"heading.default\">\n\t\t\t\t<div class=\"elementor-widget-container\">\n\t\t\t\t\t<h2 class=\"elementor-heading-title elementor-size-default\">Women<\/h2>\t\t\t\t<\/div>\n\t\t\t\t<\/div>\n\t\t\t\t<div class=\"elementor-element elementor-element-f57cc29 elementor-widget elementor-widget-text-editor\" data-id=\"f57cc29\" data-element_type=\"widget\" data-e-type=\"widget\" data-settings=\"{&quot;avante_ext_is_scrollme&quot;:&quot;false&quot;,&quot;avante_ext_is_smoove&quot;:&quot;false&quot;,&quot;avante_ext_is_parallax_mouse&quot;:&quot;false&quot;,&quot;avante_ext_is_infinite&quot;:&quot;false&quot;,&quot;avante_ext_link_sidemenu&quot;:&quot;false&quot;}\" data-widget_type=\"text-editor.default\">\n\t\t\t\t<div class=\"elementor-widget-container\">\n\t\t\t\t\t\t\t\t\t<p>\u017dene sa invaliditetom se suo\u010davaju sa dvostrukom diskriminacijom u dru\u0161tvu. Predrasude, nepristupa\u010dnost, nedostatak podr\u0161ke, adekvatno zapo\u0161ljavanje i inkluzivno obrazovanje doprinose op\u0161toj izolaciji osoba sa invaliditetom \u0161to posebno boli \u017eene zbog patrijarhalnih standarda i rodnih uloga koje dodatno onemogu\u0107avaju njihov trud za dostojanstven \u017eivot. U posljednje vrijeme, \u017eenska prava i rodno zasnovano nasilje su u fokusu \u0161ire javnosti, ali su \u017eene sa invaliditetom, na\u017ealost, marginalizirane \u010dak iu aktivnostima organizacija za prava \u017eena. Jo\u0161 uvijek postoji ogroman jaz u razumijevanju kr\u0161enja ljudskih prava u oblasti invalidnosti.<\/p><p>Informativni centar za osobe sa invaliditetom \u201eLotos\u201c u svom radu veliku pa\u017enju posve\u0107uje pitanjima pobolj\u0161anja polo\u017eaja djevoj\u010dica, djevojaka i \u017eena sa invaliditetom iz kojeg je proiza\u0161ao program koji uklju\u010duje vi\u0161e projekata:<\/p><p><strong>Project &quot;Strengthening the position of women with disabilities in Bosnia and Herzegovina - reducing discrimination and violence&quot; <\/strong>ima za cilj pobolj\u0161anje polo\u017eaja \u017eena sa invaliditetom u dru\u0161tvu u Bosni i Hercegovini koje se suo\u010davaju sa diskriminacijom i nasiljem i planira da donese promjenu u oblastima izgradnje kapaciteta organizacija, osna\u017eivanja \u017eena sa invaliditetom i promjene politike u vezi sa \u017eenama sa invaliditetom.<\/p><p>Ove promjene \u0107e biti napravljene implementacijom razli\u010ditih aktivnosti prvenstveno osmi\u0161ljenih za osna\u017eivanje \u017eena sa invaliditetom: obuke, vr\u0161nja\u010dke podr\u0161ke i mentorskih programa.<\/p><p>Projekat implementira I.C. \u201cLotos\u201d Tuzla u partnerstvu sa Threshold Association \/ Kynnys ry iz Finske.<\/p><p><strong>The project &quot;I am here - visible and proud<\/strong>\u201d realizuje 5 koalicija organizacija osoba sa invaliditetom u BiH posredstvom MyRight a finansiran je od strane \u0160vedske agencije za me\u0111unarodnu razvojnu saradnju Sida koju predstavlja ambasada \u0160vedske u Bosni i Hercegovini i Kahane fondacije. Projekat se fokusira na ve\u0107e uklju\u010divanje \u017eena s invaliditetom kroz njihovo aktivno u\u010de\u0161\u0107e u organizacijama osoba s invaliditetom. Koalicije \u0107e uklju\u010denjem \u0161ireg \u010dlanstva\u00a0 mapirati i provesti istra\u017eivanje o \u017eenama s invaliditetom\u00a0 koje nisu aktivne \u010dlanice ili nisu uop\u0161te \u010dlanice OOSI ali \u017eive na podru\u010dju rada koji pokriva koalicija kako bi se kroz razgovor ohrabrile i potakle\u00a0 da se uklju\u010de u projekt. Uklju\u010denjem u projekat \u017eene i djevojke s invaliditetom \u0107e dobiti priliku da pove\u0107aju svoja znanja i vje\u0161tine kroz aktivno u\u010de\u0161\u0107e u programu mentorstva i razli\u010ditim obukama koje \u0107e se osposobiti za aktivni anga\u017eman putem programa mentorstva, treninga i osnivanja foruma za \u017eene s invaliditetom. Cilj je se da \u017eene i djevojke s invaliditetom postanu aktivne sudionice koalicija OOSI kroz aktivan anga\u017eman u Forumima \u017eena s invaliditetom. Organizacije osoba sa invaliditetom \u0107e kroz ovaj projekat osigurati smisleno u\u010de\u0161\u0107e i zastupljenost \u017eena s invaliditetom\u00a0 \u010dime se ispunjava obaveza omogu\u0107avanja rodne ravnopravnosti u OOSI. Tokom projekta OOSI \u0107e omogu\u0107iti neophodnu podr\u0161ku kako bi \u017eene s invaliditetom mogle aktivno u\u010destvovati u radu OOSI i zagovarati za prava, teme i pitanja koje ocijene kao izuzetno va\u017ene. Kroz iskustva ovog projekta OOSI \u0107e mo\u0107i bolje planirati i sprovoditi aktivnosti koje \u0107e doprinositi privla\u010denju pove\u0107anog broja \u017eena s invaliditetom u \u010dlanstvu OOSI u budu\u0107nosti.<\/p><p>Preciznije, razumijevanje od strane OOSI osigurat \u0107e da podr\u017eavaju va\u017ean korak identifikovanja \u017eena koje danas nisu aktivne i uklju\u010dene u aktivnosti OOSI. Te su \u017eene \u010desto socijalno izolirane, financijski ovisne, pod pritiskom predrasuda javnosti i uglavnom nemaju podr\u0161ku. \u017dene s invaliditetom \u0107e imati priliku da se kroz projekat osna\u017ee i ohrabre, te anga\u017euju i govore u svoje ime. Uz ve\u0107e samopo\u0161tovanje, o\u010dekuje se da budu aktivne\u00a0 i zainteresovane za zagovaranje za\u00a0 pobolj\u0161anje kvalitete svog \u017eivota i polo\u017eaja u OOSI i zajednici. O\u010dekuje se da \u0107e njihovo ve\u0107e u\u010de\u0161\u0107e oja\u010dati promociju \u017eenskih prava od strane OOSI.<\/p><p><strong>Project \u201cInclusion of disabilities in actions for gender equality in Bosnia and Herzegovina\u201d <\/strong>se realizuje uz podr\u0161ku Ambasade S.A.D. Projekat \u0107e uticati na organizacije i institucije da u svoj rad uklju\u010de perspektivu invalidnosti i omogu\u0107e ve\u0107e u\u010de\u0161\u0107e \u017eena sa invaliditetom u njihovim aktivnostima i uslugama. Projekat \u0107e se realizovati na nekoliko lokacija \u0161irom Bosne i Hercegovine. Klju\u010dne lokacije \u0107e biti Sarajevo, Banjaluka, Bijeljina, Tuzla i Mostar.<\/p><p>Projekat \u0107e obuhvatiti mapiranje najaktivnijih organizacija i institucija za rodnu ravnopravnost i odabir za u\u010de\u0161\u0107e u projektu i analizu perspektive invalidnosti unutar organizacija, da li su strate\u0161ki dokumenti u skladu sa principima inkluzije i nediskriminacije, kao i da li su prostori i informacije pristupa\u010dni osobama sa invaliditetom itd.<\/p>\t\t\t\t\t\t\t\t<\/div>\n\t\t\t\t<\/div>\n\t\t\t\t\t<\/div>\n\t\t\t\t<\/div>\n\t\t\t\t<\/div>\n\t\t<div class=\"gsp_post_data\" \r\n\t            data-post_type=\"page\" \r\n\t            data-cat=\"\" \r\n\t            data-modified=\"120\"\r\n\t            data-created=\"1697811883\"\r\n\t            data-title=\"\u017dene\" \r\n\t            data-home=\"https:\/\/ic-lotos.org.ba\/en\"><\/div>","protected":false},"excerpt":{"rendered":"<p>\u017dene \u017dene sa invaliditetom se suo\u010davaju sa dvostrukom diskriminacijom u dru\u0161tvu. Predrasude, nepristupa\u010dnost, nedostatak podr\u0161ke, adekvatno zapo\u0161ljavanje i inkluzivno obrazovanje doprinose op\u0161toj izolaciji osoba sa invaliditetom \u0161to posebno boli \u017eene zbog patrijarhalnih standarda i rodnih uloga koje dodatno onemogu\u0107avaju njihov [&hellip;]<\/p>\n","protected":false},"author":1,"featured_media":0,"parent":13736,"menu_order":0,"comment_status":"closed","ping_status":"closed","template":"elementor_header_footer","meta":{"footnotes":""},"class_list":["post-14595","page","type-page","status-publish","hentry"],"yoast_head":"<!-- This site is optimized with the Yoast SEO plugin v27.6 - https:\/\/yoast.com\/product\/yoast-seo-wordpress\/ -->\n<title>\u017dene - IC Lotos Tuzla<\/title>\n<meta name=\"robots\" content=\"index, follow, max-snippet:-1, max-image-preview:large, max-video-preview:-1\" \/>\n<link rel=\"canonical\" href=\"https:\/\/ic-lotos.org.ba\/en\/programi\/zene\/\" \/>\n<meta property=\"og:locale\" content=\"en_US\" \/>\n<meta property=\"og:type\" content=\"article\" \/>\n<meta property=\"og:title\" content=\"\u017dene - IC Lotos Tuzla\" \/>\n<meta property=\"og:description\" content=\"\u017dene \u017dene sa invaliditetom se suo\u010davaju sa dvostrukom diskriminacijom u dru\u0161tvu. Predrasude, nepristupa\u010dnost, nedostatak podr\u0161ke, adekvatno zapo\u0161ljavanje i inkluzivno obrazovanje doprinose op\u0161toj izolaciji osoba sa invaliditetom \u0161to posebno boli \u017eene zbog patrijarhalnih standarda i rodnih uloga koje dodatno onemogu\u0107avaju njihov [&hellip;]\" \/>\n<meta property=\"og:url\" content=\"https:\/\/ic-lotos.org.ba\/en\/programi\/zene\/\" \/>\n<meta property=\"og:site_name\" content=\"IC Lotos Tuzla\" \/>\n<meta property=\"article:publisher\" content=\"https:\/\/www.facebook.com\/iclotos\/\" \/>\n<meta property=\"article:modified_time\" content=\"2026-04-30T08:44:15+00:00\" \/>\n<meta property=\"og:image\" content=\"https:\/\/ic-lotos.org.ba\/wp-content\/uploads\/2023\/10\/naslovna-1.jpg\" \/>\n\t<meta property=\"og:image:width\" content=\"1920\" \/>\n\t<meta property=\"og:image:height\" content=\"600\" \/>\n\t<meta property=\"og:image:type\" content=\"image\/jpeg\" \/>\n<meta name=\"twitter:card\" content=\"summary_large_image\" \/>\n<meta name=\"twitter:label1\" content=\"Est. reading time\" \/>\n\t<meta name=\"twitter:data1\" content=\"4 minutes\" \/>\n<script type=\"application\/ld+json\" class=\"yoast-schema-graph\">{\"@context\":\"https:\\\/\\\/schema.org\",\"@graph\":[{\"@type\":\"WebPage\",\"@id\":\"https:\\\/\\\/ic-lotos.org.ba\\\/programi\\\/zene\\\/\",\"url\":\"https:\\\/\\\/ic-lotos.org.ba\\\/programi\\\/zene\\\/\",\"name\":\"\u017dene - IC Lotos Tuzla\",\"isPartOf\":{\"@id\":\"https:\\\/\\\/ic-lotos.org.ba\\\/#website\"},\"datePublished\":\"2023-10-20T12:24:43+00:00\",\"dateModified\":\"2026-04-30T08:44:15+00:00\",\"breadcrumb\":{\"@id\":\"https:\\\/\\\/ic-lotos.org.ba\\\/programi\\\/zene\\\/#breadcrumb\"},\"inLanguage\":\"en-US\",\"potentialAction\":[{\"@type\":\"ReadAction\",\"target\":[\"https:\\\/\\\/ic-lotos.org.ba\\\/programi\\\/zene\\\/\"]}]},{\"@type\":\"BreadcrumbList\",\"@id\":\"https:\\\/\\\/ic-lotos.org.ba\\\/programi\\\/zene\\\/#breadcrumb\",\"itemListElement\":[{\"@type\":\"ListItem\",\"position\":1,\"name\":\"Naslovna\",\"item\":\"https:\\\/\\\/ic-lotos.org.ba\\\/\"},{\"@type\":\"ListItem\",\"position\":2,\"name\":\"Programi\",\"item\":\"https:\\\/\\\/ic-lotos.org.ba\\\/programi\\\/\"},{\"@type\":\"ListItem\",\"position\":3,\"name\":\"\u017dene\"}]},{\"@type\":\"WebSite\",\"@id\":\"https:\\\/\\\/ic-lotos.org.ba\\\/#website\",\"url\":\"https:\\\/\\\/ic-lotos.org.ba\\\/\",\"name\":\"IC Lotos Tuzla\",\"description\":\"Informativni centar \u201cLotos\u201d okuplja osobe sa ili bez invaliditeta koje su zainteresovane da svojim radom bilo na profesionalnoj ili volonterskoj osnovi doprinesu ostvarivanju misije organizacije.\",\"publisher\":{\"@id\":\"https:\\\/\\\/ic-lotos.org.ba\\\/#organization\"},\"potentialAction\":[{\"@type\":\"SearchAction\",\"target\":{\"@type\":\"EntryPoint\",\"urlTemplate\":\"https:\\\/\\\/ic-lotos.org.ba\\\/?s={search_term_string}\"},\"query-input\":{\"@type\":\"PropertyValueSpecification\",\"valueRequired\":true,\"valueName\":\"search_term_string\"}}],\"inLanguage\":\"en-US\"},{\"@type\":\"Organization\",\"@id\":\"https:\\\/\\\/ic-lotos.org.ba\\\/#organization\",\"name\":\"IC Lotos Tuzla\",\"url\":\"https:\\\/\\\/ic-lotos.org.ba\\\/\",\"logo\":{\"@type\":\"ImageObject\",\"inLanguage\":\"en-US\",\"@id\":\"https:\\\/\\\/ic-lotos.org.ba\\\/#\\\/schema\\\/logo\\\/image\\\/\",\"url\":\"https:\\\/\\\/ic-lotos.org.ba\\\/wp-content\\\/uploads\\\/2019\\\/11\\\/logo.jpg\",\"contentUrl\":\"https:\\\/\\\/ic-lotos.org.ba\\\/wp-content\\\/uploads\\\/2019\\\/11\\\/logo.jpg\",\"width\":575,\"height\":623,\"caption\":\"IC Lotos Tuzla\"},\"image\":{\"@id\":\"https:\\\/\\\/ic-lotos.org.ba\\\/#\\\/schema\\\/logo\\\/image\\\/\"},\"sameAs\":[\"https:\\\/\\\/www.facebook.com\\\/iclotos\\\/\",\"https:\\\/\\\/www.youtube.com\\\/feed\\\/library\"]}]}<\/script>\n<!-- \/ Yoast SEO plugin. -->","yoast_head_json":{"title":"\u017dene - IC Lotos Tuzla","robots":{"index":"index","follow":"follow","max-snippet":"max-snippet:-1","max-image-preview":"max-image-preview:large","max-video-preview":"max-video-preview:-1"},"canonical":"https:\/\/ic-lotos.org.ba\/en\/programi\/zene\/","og_locale":"en_US","og_type":"article","og_title":"\u017dene - IC Lotos Tuzla","og_description":"\u017dene \u017dene sa invaliditetom se suo\u010davaju sa dvostrukom diskriminacijom u dru\u0161tvu. Predrasude, nepristupa\u010dnost, nedostatak podr\u0161ke, adekvatno zapo\u0161ljavanje i inkluzivno obrazovanje doprinose op\u0161toj izolaciji osoba sa invaliditetom \u0161to posebno boli \u017eene zbog patrijarhalnih standarda i rodnih uloga koje dodatno onemogu\u0107avaju njihov [&hellip;]","og_url":"https:\/\/ic-lotos.org.ba\/en\/programi\/zene\/","og_site_name":"IC Lotos Tuzla","article_publisher":"https:\/\/www.facebook.com\/iclotos\/","article_modified_time":"2026-04-30T08:44:15+00:00","og_image":[{"width":1920,"height":600,"url":"https:\/\/ic-lotos.org.ba\/wp-content\/uploads\/2023\/10\/naslovna-1.jpg","type":"image\/jpeg"}],"twitter_card":"summary_large_image","twitter_misc":{"Est. reading time":"4 minutes"},"schema":{"@context":"https:\/\/schema.org","@graph":[{"@type":"WebPage","@id":"https:\/\/ic-lotos.org.ba\/programi\/zene\/","url":"https:\/\/ic-lotos.org.ba\/programi\/zene\/","name":"\u017dene - IC Lotos Tuzla","isPartOf":{"@id":"https:\/\/ic-lotos.org.ba\/#website"},"datePublished":"2023-10-20T12:24:43+00:00","dateModified":"2026-04-30T08:44:15+00:00","breadcrumb":{"@id":"https:\/\/ic-lotos.org.ba\/programi\/zene\/#breadcrumb"},"inLanguage":"en-US","potentialAction":[{"@type":"ReadAction","target":["https:\/\/ic-lotos.org.ba\/programi\/zene\/"]}]},{"@type":"BreadcrumbList","@id":"https:\/\/ic-lotos.org.ba\/programi\/zene\/#breadcrumb","itemListElement":[{"@type":"ListItem","position":1,"name":"Naslovna","item":"https:\/\/ic-lotos.org.ba\/"},{"@type":"ListItem","position":2,"name":"Programi","item":"https:\/\/ic-lotos.org.ba\/programi\/"},{"@type":"ListItem","position":3,"name":"\u017dene"}]},{"@type":"WebSite","@id":"https:\/\/ic-lotos.org.ba\/#website","url":"https:\/\/ic-lotos.org.ba\/","name":"IC Lotos Tuzla","description":"Informativni centar \u201cLotos\u201d okuplja osobe sa ili bez invaliditeta koje su zainteresovane da svojim radom bilo na profesionalnoj ili volonterskoj osnovi doprinesu ostvarivanju misije organizacije.","publisher":{"@id":"https:\/\/ic-lotos.org.ba\/#organization"},"potentialAction":[{"@type":"SearchAction","target":{"@type":"EntryPoint","urlTemplate":"https:\/\/ic-lotos.org.ba\/?s={search_term_string}"},"query-input":{"@type":"PropertyValueSpecification","valueRequired":true,"valueName":"search_term_string"}}],"inLanguage":"en-US"},{"@type":"Organization","@id":"https:\/\/ic-lotos.org.ba\/#organization","name":"IC Lotos Tuzla","url":"https:\/\/ic-lotos.org.ba\/","logo":{"@type":"ImageObject","inLanguage":"en-US","@id":"https:\/\/ic-lotos.org.ba\/#\/schema\/logo\/image\/","url":"https:\/\/ic-lotos.org.ba\/wp-content\/uploads\/2019\/11\/logo.jpg","contentUrl":"https:\/\/ic-lotos.org.ba\/wp-content\/uploads\/2019\/11\/logo.jpg","width":575,"height":623,"caption":"IC Lotos Tuzla"},"image":{"@id":"https:\/\/ic-lotos.org.ba\/#\/schema\/logo\/image\/"},"sameAs":["https:\/\/www.facebook.com\/iclotos\/","https:\/\/www.youtube.com\/feed\/library"]}]}},"_links":{"self":[{"href":"https:\/\/ic-lotos.org.ba\/en\/wp-json\/wp\/v2\/pages\/14595","targetHints":{"allow":["GET"]}}],"collection":[{"href":"https:\/\/ic-lotos.org.ba\/en\/wp-json\/wp\/v2\/pages"}],"about":[{"href":"https:\/\/ic-lotos.org.ba\/en\/wp-json\/wp\/v2\/types\/page"}],"author":[{"embeddable":true,"href":"https:\/\/ic-lotos.org.ba\/en\/wp-json\/wp\/v2\/users\/1"}],"replies":[{"embeddable":true,"href":"https:\/\/ic-lotos.org.ba\/en\/wp-json\/wp\/v2\/comments?post=14595"}],"version-history":[{"count":13,"href":"https:\/\/ic-lotos.org.ba\/en\/wp-json\/wp\/v2\/pages\/14595\/revisions"}],"predecessor-version":[{"id":18562,"href":"https:\/\/ic-lotos.org.ba\/en\/wp-json\/wp\/v2\/pages\/14595\/revisions\/18562"}],"up":[{"embeddable":true,"href":"https:\/\/ic-lotos.org.ba\/en\/wp-json\/wp\/v2\/pages\/13736"}],"wp:attachment":[{"href":"https:\/\/ic-lotos.org.ba\/en\/wp-json\/wp\/v2\/media?parent=14595"}],"curies":[{"name":"wp","href":"https:\/\/api.w.org\/{rel}","templated":true}]}}