{"id":14593,"date":"2023-10-20T14:24:33","date_gmt":"2023-10-20T12:24:33","guid":{"rendered":"https:\/\/v2.ic-lotos.org.ba\/?page_id=14593"},"modified":"2026-04-30T10:40:44","modified_gmt":"2026-04-30T08:40:44","slug":"mladi","status":"publish","type":"page","link":"https:\/\/ic-lotos.org.ba\/en\/programi\/mladi\/","title":{"rendered":"Young people"},"content":{"rendered":"<div data-elementor-type=\"wp-page\" data-elementor-id=\"14593\" class=\"elementor elementor-14593\" data-elementor-post-type=\"page\">\n\t\t\t\t<div class=\"elementor-element elementor-element-268d097 e-flex e-con-boxed e-con e-parent\" data-id=\"268d097\" data-element_type=\"container\" data-e-type=\"container\">\n\t\t\t\t\t<div class=\"e-con-inner\">\n\t\t\t\t<div class=\"elementor-element elementor-element-d266563 elementor-widget__width-inherit elementor-widget-mobile__width-inherit elementor-widget elementor-widget-heading\" data-id=\"d266563\" data-element_type=\"widget\" data-e-type=\"widget\" data-settings=\"{&quot;avante_ext_is_scrollme&quot;:&quot;false&quot;,&quot;avante_ext_is_infinite&quot;:&quot;false&quot;,&quot;avante_ext_link_sidemenu&quot;:&quot;false&quot;}\" data-widget_type=\"heading.default\">\n\t\t\t\t<div class=\"elementor-widget-container\">\n\t\t\t\t\t<h2 class=\"elementor-heading-title elementor-size-default\">Young people<\/h2>\t\t\t\t<\/div>\n\t\t\t\t<\/div>\n\t\t\t\t<div class=\"elementor-element elementor-element-7d4beba elementor-widget elementor-widget-text-editor\" data-id=\"7d4beba\" data-element_type=\"widget\" data-e-type=\"widget\" data-settings=\"{&quot;avante_ext_is_scrollme&quot;:&quot;false&quot;,&quot;avante_ext_is_smoove&quot;:&quot;false&quot;,&quot;avante_ext_is_parallax_mouse&quot;:&quot;false&quot;,&quot;avante_ext_is_infinite&quot;:&quot;false&quot;,&quot;avante_ext_link_sidemenu&quot;:&quot;false&quot;}\" data-widget_type=\"text-editor.default\">\n\t\t\t\t<div class=\"elementor-widget-container\">\n\t\t\t\t\t\t\t\t\t<p><img fetchpriority=\"high\" decoding=\"async\" class=\"wp-image-15876 alignnone\" src=\"https:\/\/ic-lotos.org.ba\/wp-content\/uploads\/2024\/12\/Mladi-214x300.png\" sizes=\"(max-width: 208px) 100vw, 208px\" srcset=\"https:\/\/ic-lotos.org.ba\/wp-content\/uploads\/2024\/12\/Mladi-214x300.png 214w, https:\/\/ic-lotos.org.ba\/wp-content\/uploads\/2024\/12\/Mladi-732x1024.png 732w, https:\/\/ic-lotos.org.ba\/wp-content\/uploads\/2024\/12\/Mladi-768x1075.png 768w, https:\/\/ic-lotos.org.ba\/wp-content\/uploads\/2024\/12\/Mladi-440x616.png 440w, https:\/\/ic-lotos.org.ba\/wp-content\/uploads\/2024\/12\/Mladi.png 1083w\" alt=\"\" width=\"208\" height=\"291\" \/> \u00a0<img decoding=\"async\" class=\"alignnone wp-image-15888\" src=\"https:\/\/ic-lotos.org.ba\/wp-content\/uploads\/2024\/12\/ic-lotos-2-300x200.jpg\" sizes=\"(max-width: 334px) 100vw, 334px\" srcset=\"https:\/\/ic-lotos.org.ba\/wp-content\/uploads\/2024\/12\/ic-lotos-2-300x200.jpg 300w, https:\/\/ic-lotos.org.ba\/wp-content\/uploads\/2024\/12\/ic-lotos-2-1024x683.jpg 1024w, https:\/\/ic-lotos.org.ba\/wp-content\/uploads\/2024\/12\/ic-lotos-2-768x512.jpg 768w, https:\/\/ic-lotos.org.ba\/wp-content\/uploads\/2024\/12\/ic-lotos-2-1536x1024.jpg 1536w, https:\/\/ic-lotos.org.ba\/wp-content\/uploads\/2024\/12\/ic-lotos-2-2048x1365.jpg 2048w, https:\/\/ic-lotos.org.ba\/wp-content\/uploads\/2024\/12\/ic-lotos-2-700x466.jpg 700w, https:\/\/ic-lotos.org.ba\/wp-content\/uploads\/2024\/12\/ic-lotos-2-440x293.jpg 440w\" alt=\"\" width=\"334\" height=\"222\" \/> \u00a0<img decoding=\"async\" class=\"alignnone size-medium wp-image-15890\" src=\"https:\/\/ic-lotos.org.ba\/wp-content\/uploads\/2024\/12\/ic-lotos-4-300x225.jpg\" sizes=\"(max-width: 300px) 100vw, 300px\" srcset=\"https:\/\/ic-lotos.org.ba\/wp-content\/uploads\/2024\/12\/ic-lotos-4-300x225.jpg 300w, https:\/\/ic-lotos.org.ba\/wp-content\/uploads\/2024\/12\/ic-lotos-4-1024x768.jpg 1024w, https:\/\/ic-lotos.org.ba\/wp-content\/uploads\/2024\/12\/ic-lotos-4-768x576.jpg 768w, https:\/\/ic-lotos.org.ba\/wp-content\/uploads\/2024\/12\/ic-lotos-4-1536x1152.jpg 1536w, https:\/\/ic-lotos.org.ba\/wp-content\/uploads\/2024\/12\/ic-lotos-4-440x330.jpg 440w, https:\/\/ic-lotos.org.ba\/wp-content\/uploads\/2024\/12\/ic-lotos-4.jpg 2048w\" alt=\"\" width=\"300\" height=\"225\" \/><\/p><p>The program to support young people on their way to independent life has been part of the Lotos strategic plan since 2015. The program aims to enable the achievement of several important goals:<\/p><ul><li>Improve the quality of life of young people and their families;<\/li><li>Ensure the sustainability of the leadership of the disability rights movement;<\/li><li>Strengthen advocacy for independent living of persons with disabilities in Bosnia and Herzegovina, including the personal assistance service;<\/li><li>Improve personnel capacities of IC &quot;Lotos&quot;.<\/li><\/ul><p>Okosnicu programa za mlade predstavlja projekat \u201cJa\u010danje kapaciteta za samostalan \u017eivot osoba sa invaliditetom u Bosni i Hercegovini\u201d koji I.C. \u201cLotos\u201d provodi sa Centrom za samostalan \u017eivot STIL iz \u0160tokholma. Pored tog projekta organizacija provodi niz kratkoro\u010dnih projekata kojima se podupiru mladi i njihove neformalne grupe.\u00a0 Aktivnosti programa se mogu podijeliti u nekoliko kategorija:<\/p><p>1. Activities to build the capacity of young people:<\/p><p>Education in the fields of foreign languages, computers, organizational development, communication skills, etc.;<\/p><p>2. Activities to support initiatives of young people and their informal groups:<\/p><p>I.C. \u201cLotos\u201d podr\u017eava razli\u010dite inicijative nekoliko neformalnih grupa mladih koje organizuju u lokalnim zajednicama a obuhvataju podru\u010dja zagovaranja za pristupa\u010dnost, sport, obrazovanje, dru\u0161tveni \u017eivot i sl.;<\/p><p>3. Activities to include youth in decision-making processes:<\/p><p>They include efforts to involve young people in their local communities: in organizations of people with disabilities, in youth associations, in various civil society organizations, sports associations, student unions, etc.;<\/p><p>The methods by which these activities are achieved include group work, individual work, technical support, mentoring, peer support and various other forms of good practices that the organization has established over the years.<\/p><p><img loading=\"lazy\" decoding=\"async\" class=\"alignnone wp-image-15887\" src=\"https:\/\/ic-lotos.org.ba\/wp-content\/uploads\/2024\/12\/ic-lotos-1-300x200.jpg\" sizes=\"(max-width: 314px) 100vw, 314px\" srcset=\"https:\/\/ic-lotos.org.ba\/wp-content\/uploads\/2024\/12\/ic-lotos-1-300x200.jpg 300w, https:\/\/ic-lotos.org.ba\/wp-content\/uploads\/2024\/12\/ic-lotos-1-1024x683.jpg 1024w, https:\/\/ic-lotos.org.ba\/wp-content\/uploads\/2024\/12\/ic-lotos-1-768x512.jpg 768w, https:\/\/ic-lotos.org.ba\/wp-content\/uploads\/2024\/12\/ic-lotos-1-1536x1024.jpg 1536w, https:\/\/ic-lotos.org.ba\/wp-content\/uploads\/2024\/12\/ic-lotos-1-2048x1365.jpg 2048w, https:\/\/ic-lotos.org.ba\/wp-content\/uploads\/2024\/12\/ic-lotos-1-700x466.jpg 700w, https:\/\/ic-lotos.org.ba\/wp-content\/uploads\/2024\/12\/ic-lotos-1-440x293.jpg 440w\" alt=\"\" width=\"314\" height=\"209\" \/> <img loading=\"lazy\" decoding=\"async\" class=\"alignnone wp-image-15889\" src=\"https:\/\/ic-lotos.org.ba\/wp-content\/uploads\/2024\/12\/ic-lotos-3-300x200.jpg\" sizes=\"(max-width: 314px) 100vw, 314px\" srcset=\"https:\/\/ic-lotos.org.ba\/wp-content\/uploads\/2024\/12\/ic-lotos-3-300x200.jpg 300w, https:\/\/ic-lotos.org.ba\/wp-content\/uploads\/2024\/12\/ic-lotos-3-1024x683.jpg 1024w, https:\/\/ic-lotos.org.ba\/wp-content\/uploads\/2024\/12\/ic-lotos-3-768x512.jpg 768w, https:\/\/ic-lotos.org.ba\/wp-content\/uploads\/2024\/12\/ic-lotos-3-1536x1024.jpg 1536w, https:\/\/ic-lotos.org.ba\/wp-content\/uploads\/2024\/12\/ic-lotos-3-2048x1365.jpg 2048w, https:\/\/ic-lotos.org.ba\/wp-content\/uploads\/2024\/12\/ic-lotos-3-700x466.jpg 700w, https:\/\/ic-lotos.org.ba\/wp-content\/uploads\/2024\/12\/ic-lotos-3-440x293.jpg 440w\" alt=\"\" width=\"314\" height=\"209\" \/><\/p>\t\t\t\t\t\t\t\t<\/div>\n\t\t\t\t<\/div>\n\t\t\t\t\t<\/div>\n\t\t\t\t<\/div>\n\t\t\t\t<\/div>\n\t\t<div class=\"gsp_post_data\" \r\n\t            data-post_type=\"page\" \r\n\t            data-cat=\"\" \r\n\t            data-modified=\"120\"\r\n\t            data-created=\"1697811873\"\r\n\t            data-title=\"Mladi\" \r\n\t            data-home=\"https:\/\/ic-lotos.org.ba\/en\"><\/div>","protected":false},"excerpt":{"rendered":"<p>Mladi \u00a0 \u00a0 Program za podr\u0161ku mladima na putu ka samostalnom \u017eivotu je dio strate\u0161kog plana Lotosa od 2015. godine. Programom se \u017eeli omogu\u0107iti ostvarenje nekoliko va\u017enih ciljeva: Unaprijediti kvalitet \u017eivota mladih i njihovih porodica; Obezbijediti odr\u017eivost liderstva pokreta za [&hellip;]<\/p>\n","protected":false},"author":1,"featured_media":15876,"parent":13736,"menu_order":0,"comment_status":"closed","ping_status":"closed","template":"elementor_header_footer","meta":{"footnotes":""},"class_list":["post-14593","page","type-page","status-publish","has-post-thumbnail","hentry"],"yoast_head":"<!-- This site is optimized with the Yoast SEO plugin v27.6 - https:\/\/yoast.com\/product\/yoast-seo-wordpress\/ -->\n<title>Mladi - IC Lotos Tuzla<\/title>\n<meta name=\"robots\" content=\"index, follow, max-snippet:-1, max-image-preview:large, max-video-preview:-1\" \/>\n<link rel=\"canonical\" href=\"https:\/\/ic-lotos.org.ba\/en\/programi\/mladi\/\" \/>\n<meta property=\"og:locale\" content=\"en_US\" \/>\n<meta property=\"og:type\" content=\"article\" \/>\n<meta property=\"og:title\" content=\"Mladi - IC Lotos Tuzla\" \/>\n<meta property=\"og:description\" content=\"Mladi \u00a0 \u00a0 Program za podr\u0161ku mladima na putu ka samostalnom \u017eivotu je dio strate\u0161kog plana Lotosa od 2015. godine. Programom se \u017eeli omogu\u0107iti ostvarenje nekoliko va\u017enih ciljeva: Unaprijediti kvalitet \u017eivota mladih i njihovih porodica; Obezbijediti odr\u017eivost liderstva pokreta za [&hellip;]\" \/>\n<meta property=\"og:url\" content=\"https:\/\/ic-lotos.org.ba\/en\/programi\/mladi\/\" \/>\n<meta property=\"og:site_name\" content=\"IC Lotos Tuzla\" \/>\n<meta property=\"article:publisher\" content=\"https:\/\/www.facebook.com\/iclotos\/\" \/>\n<meta property=\"article:modified_time\" content=\"2026-04-30T08:40:44+00:00\" \/>\n<meta property=\"og:image\" content=\"https:\/\/ic-lotos.org.ba\/wp-content\/uploads\/2024\/12\/Mladi-732x1024.png\" \/>\n\t<meta property=\"og:image:width\" content=\"732\" \/>\n\t<meta property=\"og:image:height\" content=\"1024\" \/>\n\t<meta property=\"og:image:type\" content=\"image\/png\" \/>\n<meta name=\"twitter:card\" content=\"summary_large_image\" \/>\n<meta name=\"twitter:label1\" content=\"Est. reading time\" \/>\n\t<meta name=\"twitter:data1\" content=\"3 minutes\" \/>\n<script type=\"application\/ld+json\" class=\"yoast-schema-graph\">{\"@context\":\"https:\\\/\\\/schema.org\",\"@graph\":[{\"@type\":\"WebPage\",\"@id\":\"https:\\\/\\\/ic-lotos.org.ba\\\/programi\\\/mladi\\\/\",\"url\":\"https:\\\/\\\/ic-lotos.org.ba\\\/programi\\\/mladi\\\/\",\"name\":\"Mladi - IC Lotos Tuzla\",\"isPartOf\":{\"@id\":\"https:\\\/\\\/ic-lotos.org.ba\\\/#website\"},\"primaryImageOfPage\":{\"@id\":\"https:\\\/\\\/ic-lotos.org.ba\\\/programi\\\/mladi\\\/#primaryimage\"},\"image\":{\"@id\":\"https:\\\/\\\/ic-lotos.org.ba\\\/programi\\\/mladi\\\/#primaryimage\"},\"thumbnailUrl\":\"https:\\\/\\\/ic-lotos.org.ba\\\/wp-content\\\/uploads\\\/2024\\\/12\\\/Mladi.png\",\"datePublished\":\"2023-10-20T12:24:33+00:00\",\"dateModified\":\"2026-04-30T08:40:44+00:00\",\"breadcrumb\":{\"@id\":\"https:\\\/\\\/ic-lotos.org.ba\\\/programi\\\/mladi\\\/#breadcrumb\"},\"inLanguage\":\"en-US\",\"potentialAction\":[{\"@type\":\"ReadAction\",\"target\":[\"https:\\\/\\\/ic-lotos.org.ba\\\/programi\\\/mladi\\\/\"]}]},{\"@type\":\"ImageObject\",\"inLanguage\":\"en-US\",\"@id\":\"https:\\\/\\\/ic-lotos.org.ba\\\/programi\\\/mladi\\\/#primaryimage\",\"url\":\"https:\\\/\\\/ic-lotos.org.ba\\\/wp-content\\\/uploads\\\/2024\\\/12\\\/Mladi.png\",\"contentUrl\":\"https:\\\/\\\/ic-lotos.org.ba\\\/wp-content\\\/uploads\\\/2024\\\/12\\\/Mladi.png\",\"width\":1083,\"height\":1516},{\"@type\":\"BreadcrumbList\",\"@id\":\"https:\\\/\\\/ic-lotos.org.ba\\\/programi\\\/mladi\\\/#breadcrumb\",\"itemListElement\":[{\"@type\":\"ListItem\",\"position\":1,\"name\":\"Naslovna\",\"item\":\"https:\\\/\\\/ic-lotos.org.ba\\\/\"},{\"@type\":\"ListItem\",\"position\":2,\"name\":\"Programi\",\"item\":\"https:\\\/\\\/ic-lotos.org.ba\\\/programi\\\/\"},{\"@type\":\"ListItem\",\"position\":3,\"name\":\"Mladi\"}]},{\"@type\":\"WebSite\",\"@id\":\"https:\\\/\\\/ic-lotos.org.ba\\\/#website\",\"url\":\"https:\\\/\\\/ic-lotos.org.ba\\\/\",\"name\":\"IC Lotos Tuzla\",\"description\":\"Informativni centar \u201cLotos\u201d okuplja osobe sa ili bez invaliditeta koje su zainteresovane da svojim radom bilo na profesionalnoj ili volonterskoj osnovi doprinesu ostvarivanju misije organizacije.\",\"publisher\":{\"@id\":\"https:\\\/\\\/ic-lotos.org.ba\\\/#organization\"},\"potentialAction\":[{\"@type\":\"SearchAction\",\"target\":{\"@type\":\"EntryPoint\",\"urlTemplate\":\"https:\\\/\\\/ic-lotos.org.ba\\\/?s={search_term_string}\"},\"query-input\":{\"@type\":\"PropertyValueSpecification\",\"valueRequired\":true,\"valueName\":\"search_term_string\"}}],\"inLanguage\":\"en-US\"},{\"@type\":\"Organization\",\"@id\":\"https:\\\/\\\/ic-lotos.org.ba\\\/#organization\",\"name\":\"IC Lotos Tuzla\",\"url\":\"https:\\\/\\\/ic-lotos.org.ba\\\/\",\"logo\":{\"@type\":\"ImageObject\",\"inLanguage\":\"en-US\",\"@id\":\"https:\\\/\\\/ic-lotos.org.ba\\\/#\\\/schema\\\/logo\\\/image\\\/\",\"url\":\"https:\\\/\\\/ic-lotos.org.ba\\\/wp-content\\\/uploads\\\/2019\\\/11\\\/logo.jpg\",\"contentUrl\":\"https:\\\/\\\/ic-lotos.org.ba\\\/wp-content\\\/uploads\\\/2019\\\/11\\\/logo.jpg\",\"width\":575,\"height\":623,\"caption\":\"IC Lotos Tuzla\"},\"image\":{\"@id\":\"https:\\\/\\\/ic-lotos.org.ba\\\/#\\\/schema\\\/logo\\\/image\\\/\"},\"sameAs\":[\"https:\\\/\\\/www.facebook.com\\\/iclotos\\\/\",\"https:\\\/\\\/www.youtube.com\\\/feed\\\/library\"]}]}<\/script>\n<!-- \/ Yoast SEO plugin. -->","yoast_head_json":{"title":"Mladi - IC Lotos Tuzla","robots":{"index":"index","follow":"follow","max-snippet":"max-snippet:-1","max-image-preview":"max-image-preview:large","max-video-preview":"max-video-preview:-1"},"canonical":"https:\/\/ic-lotos.org.ba\/en\/programi\/mladi\/","og_locale":"en_US","og_type":"article","og_title":"Mladi - IC Lotos Tuzla","og_description":"Mladi \u00a0 \u00a0 Program za podr\u0161ku mladima na putu ka samostalnom \u017eivotu je dio strate\u0161kog plana Lotosa od 2015. godine. Programom se \u017eeli omogu\u0107iti ostvarenje nekoliko va\u017enih ciljeva: Unaprijediti kvalitet \u017eivota mladih i njihovih porodica; Obezbijediti odr\u017eivost liderstva pokreta za [&hellip;]","og_url":"https:\/\/ic-lotos.org.ba\/en\/programi\/mladi\/","og_site_name":"IC Lotos Tuzla","article_publisher":"https:\/\/www.facebook.com\/iclotos\/","article_modified_time":"2026-04-30T08:40:44+00:00","og_image":[{"width":732,"height":1024,"url":"https:\/\/ic-lotos.org.ba\/wp-content\/uploads\/2024\/12\/Mladi-732x1024.png","type":"image\/png"}],"twitter_card":"summary_large_image","twitter_misc":{"Est. reading time":"3 minutes"},"schema":{"@context":"https:\/\/schema.org","@graph":[{"@type":"WebPage","@id":"https:\/\/ic-lotos.org.ba\/programi\/mladi\/","url":"https:\/\/ic-lotos.org.ba\/programi\/mladi\/","name":"Mladi - IC Lotos Tuzla","isPartOf":{"@id":"https:\/\/ic-lotos.org.ba\/#website"},"primaryImageOfPage":{"@id":"https:\/\/ic-lotos.org.ba\/programi\/mladi\/#primaryimage"},"image":{"@id":"https:\/\/ic-lotos.org.ba\/programi\/mladi\/#primaryimage"},"thumbnailUrl":"https:\/\/ic-lotos.org.ba\/wp-content\/uploads\/2024\/12\/Mladi.png","datePublished":"2023-10-20T12:24:33+00:00","dateModified":"2026-04-30T08:40:44+00:00","breadcrumb":{"@id":"https:\/\/ic-lotos.org.ba\/programi\/mladi\/#breadcrumb"},"inLanguage":"en-US","potentialAction":[{"@type":"ReadAction","target":["https:\/\/ic-lotos.org.ba\/programi\/mladi\/"]}]},{"@type":"ImageObject","inLanguage":"en-US","@id":"https:\/\/ic-lotos.org.ba\/programi\/mladi\/#primaryimage","url":"https:\/\/ic-lotos.org.ba\/wp-content\/uploads\/2024\/12\/Mladi.png","contentUrl":"https:\/\/ic-lotos.org.ba\/wp-content\/uploads\/2024\/12\/Mladi.png","width":1083,"height":1516},{"@type":"BreadcrumbList","@id":"https:\/\/ic-lotos.org.ba\/programi\/mladi\/#breadcrumb","itemListElement":[{"@type":"ListItem","position":1,"name":"Naslovna","item":"https:\/\/ic-lotos.org.ba\/"},{"@type":"ListItem","position":2,"name":"Programi","item":"https:\/\/ic-lotos.org.ba\/programi\/"},{"@type":"ListItem","position":3,"name":"Mladi"}]},{"@type":"WebSite","@id":"https:\/\/ic-lotos.org.ba\/#website","url":"https:\/\/ic-lotos.org.ba\/","name":"IC Lotos Tuzla","description":"Informativni centar \u201cLotos\u201d okuplja osobe sa ili bez invaliditeta koje su zainteresovane da svojim radom bilo na profesionalnoj ili volonterskoj osnovi doprinesu ostvarivanju misije organizacije.","publisher":{"@id":"https:\/\/ic-lotos.org.ba\/#organization"},"potentialAction":[{"@type":"SearchAction","target":{"@type":"EntryPoint","urlTemplate":"https:\/\/ic-lotos.org.ba\/?s={search_term_string}"},"query-input":{"@type":"PropertyValueSpecification","valueRequired":true,"valueName":"search_term_string"}}],"inLanguage":"en-US"},{"@type":"Organization","@id":"https:\/\/ic-lotos.org.ba\/#organization","name":"IC Lotos Tuzla","url":"https:\/\/ic-lotos.org.ba\/","logo":{"@type":"ImageObject","inLanguage":"en-US","@id":"https:\/\/ic-lotos.org.ba\/#\/schema\/logo\/image\/","url":"https:\/\/ic-lotos.org.ba\/wp-content\/uploads\/2019\/11\/logo.jpg","contentUrl":"https:\/\/ic-lotos.org.ba\/wp-content\/uploads\/2019\/11\/logo.jpg","width":575,"height":623,"caption":"IC Lotos Tuzla"},"image":{"@id":"https:\/\/ic-lotos.org.ba\/#\/schema\/logo\/image\/"},"sameAs":["https:\/\/www.facebook.com\/iclotos\/","https:\/\/www.youtube.com\/feed\/library"]}]}},"_links":{"self":[{"href":"https:\/\/ic-lotos.org.ba\/en\/wp-json\/wp\/v2\/pages\/14593","targetHints":{"allow":["GET"]}}],"collection":[{"href":"https:\/\/ic-lotos.org.ba\/en\/wp-json\/wp\/v2\/pages"}],"about":[{"href":"https:\/\/ic-lotos.org.ba\/en\/wp-json\/wp\/v2\/types\/page"}],"author":[{"embeddable":true,"href":"https:\/\/ic-lotos.org.ba\/en\/wp-json\/wp\/v2\/users\/1"}],"replies":[{"embeddable":true,"href":"https:\/\/ic-lotos.org.ba\/en\/wp-json\/wp\/v2\/comments?post=14593"}],"version-history":[{"count":14,"href":"https:\/\/ic-lotos.org.ba\/en\/wp-json\/wp\/v2\/pages\/14593\/revisions"}],"predecessor-version":[{"id":18559,"href":"https:\/\/ic-lotos.org.ba\/en\/wp-json\/wp\/v2\/pages\/14593\/revisions\/18559"}],"up":[{"embeddable":true,"href":"https:\/\/ic-lotos.org.ba\/en\/wp-json\/wp\/v2\/pages\/13736"}],"wp:featuredmedia":[{"embeddable":true,"href":"https:\/\/ic-lotos.org.ba\/en\/wp-json\/wp\/v2\/media\/15876"}],"wp:attachment":[{"href":"https:\/\/ic-lotos.org.ba\/en\/wp-json\/wp\/v2\/media?parent=14593"}],"curies":[{"name":"wp","href":"https:\/\/api.w.org\/{rel}","templated":true}]}}