{"id":14575,"date":"2023-10-20T14:15:33","date_gmt":"2023-10-20T12:15:33","guid":{"rendered":"https:\/\/v2.ic-lotos.org.ba\/?page_id=14575"},"modified":"2024-09-06T22:31:39","modified_gmt":"2024-09-06T20:31:39","slug":"nasi-clanovi","status":"publish","type":"page","link":"https:\/\/ic-lotos.org.ba\/en\/o-nama-old\/nasi-clanovi\/","title":{"rendered":"Our members"},"content":{"rendered":"<div data-elementor-type=\"wp-page\" data-elementor-id=\"14575\" class=\"elementor elementor-14575\" data-elementor-post-type=\"page\">\n\t\t\t\t<div class=\"elementor-element elementor-element-f267cbf e-flex e-con-boxed e-con e-parent\" data-id=\"f267cbf\" data-element_type=\"container\" data-e-type=\"container\">\n\t\t\t\t\t<div class=\"e-con-inner\">\n\t\t\t\t<div class=\"elementor-element elementor-element-18e6a29 elementor-widget__width-inherit elementor-widget-mobile__width-inherit elementor-widget elementor-widget-heading\" data-id=\"18e6a29\" data-element_type=\"widget\" data-e-type=\"widget\" data-settings=\"{&quot;avante_ext_is_scrollme&quot;:&quot;false&quot;,&quot;avante_ext_is_infinite&quot;:&quot;false&quot;,&quot;avante_ext_link_sidemenu&quot;:&quot;false&quot;}\" data-widget_type=\"heading.default\">\n\t\t\t\t<div class=\"elementor-widget-container\">\n\t\t\t\t\t<h2 class=\"elementor-heading-title elementor-size-default\">Our members<\/h2>\t\t\t\t<\/div>\n\t\t\t\t<\/div>\n\t\t\t\t<div class=\"elementor-element elementor-element-388971a elementor-widget elementor-widget-text-editor\" data-id=\"388971a\" data-element_type=\"widget\" data-e-type=\"widget\" data-settings=\"{&quot;avante_ext_is_scrollme&quot;:&quot;false&quot;,&quot;avante_ext_is_smoove&quot;:&quot;false&quot;,&quot;avante_ext_is_parallax_mouse&quot;:&quot;false&quot;,&quot;avante_ext_is_infinite&quot;:&quot;false&quot;,&quot;avante_ext_link_sidemenu&quot;:&quot;false&quot;}\" data-widget_type=\"text-editor.default\">\n\t\t\t\t<div class=\"elementor-widget-container\">\n\t\t\t\t\t\t\t\t\t<p>Notice on becoming a member Information center for people with disabilities &quot;Lotos&quot; Tuzla (IC &quot;Lotos&quot;)<\/p><p>By decision of the Assembly of the Association IC &quot;Lotos&quot; Tuzla at the meeting held on August 17, 2022, the new Statute of the Information Center for Persons with Disabilities &quot;Lotos&quot; Tuzla was adopted.<\/p><p>The association&#039;s statute regulates the rights and obligations for joining IC &quot;Lotos&quot;.<\/p><p>The following can join IC &quot;Lotos&quot; Association:<\/p><ul><li>regular members, persons with disabilities;<\/li><li>assisting members, persons without disabilities;<\/li><li>honorary members, persons who have made an exceptional contribution to the work of the Association and for which the Assembly of the Association makes a decision, and they are issued a Charter of Honorary Member as a confirmation of their membership.<\/li><\/ul><p>Regular and assisting members can become members of the &quot;Lotos&quot; Community Center by coming to the &quot;Lotos&quot; Community Center premises at Mihajla i \u017divka Crnogor\u010devi\u0107a 3, Tuzla, via:<\/p><ul><li>filling in the application for membership in the Association;<\/li><li>signing a statement committing to respecting the Statute, contributing to achieving the goals of the Association, respecting the Code of Conduct and consenting to the use of photographs and other materials for the purpose of implementing or promoting the activities of the Association and the rights of persons with disabilities;<\/li><li>filling out the form of information about the members of the Association.<\/li><\/ul><p>Interested regular members will be required, in addition to completing these three documents, to submit a valid document proving that they are persons with disabilities.<\/p><p>Regular and supporting members pay an annual membership fee in the amount of 12.00 convertible marks, and anyone who wants to voluntarily can pay a higher amount.<\/p><p>We recommend that you pay the membership fee directly into your account.<\/p><p>Details for payment via bank account:<\/p><p>Bank Name: NLB Bank (Agency Center Tuzla)<\/p><p>Account number: 1321000309103215<\/p><p>Account holder name: Information Center for Persons with Disabilities \u201cLotos\u201d Tuzla<\/p><p>Purpose of payment: Membership fee for ___ (current) year<\/p><p>After meeting the necessary conditions, membership cards will be created for members.<\/p><p>You can ask any additional information or questions in person or via e-mail and we will be happy to provide you with an answer.<\/p><p>Welcome!<\/p>\t\t\t\t\t\t\t\t<\/div>\n\t\t\t\t<\/div>\n\t\t\t\t\t<\/div>\n\t\t\t\t<\/div>\n\t\t\t\t<\/div>\n\t\t<div class=\"gsp_post_data\" \r\n\t            data-post_type=\"page\" \r\n\t            data-cat=\"\" \r\n\t            data-modified=\"120\"\r\n\t            data-created=\"1697811333\"\r\n\t            data-title=\"Na\u0161i \u010dlanovi\" \r\n\t            data-home=\"https:\/\/ic-lotos.org.ba\/en\"><\/div>","protected":false},"excerpt":{"rendered":"<p>Na\u0161i \u010dlanovi Obavijest o pristupanju \u010dlanstvu Informativni centar za osobe sa invaliditetom &#8220;Lotos&#8221; Tuzla (I.C. \u201cLotos\u201d) Odlukom Skup\u0161tine Udru\u017eenja I.C. &#8220;Lotos&#8221; Tuzla na sastanku odr\u017eanom 17. avgusta 2022. godine usvojen je novi Statut Informativnog centra za osobe s invaliditetom \u201cLotos\u201d [&hellip;]<\/p>\n","protected":false},"author":1,"featured_media":0,"parent":5601,"menu_order":0,"comment_status":"closed","ping_status":"closed","template":"elementor_header_footer","meta":{"footnotes":""},"class_list":["post-14575","page","type-page","status-publish","hentry"],"yoast_head":"<!-- This site is optimized with the Yoast SEO plugin v27.4 - https:\/\/yoast.com\/product\/yoast-seo-wordpress\/ -->\n<title>Na\u0161i \u010dlanovi - IC Lotos Tuzla<\/title>\n<meta name=\"robots\" content=\"index, follow, max-snippet:-1, max-image-preview:large, max-video-preview:-1\" \/>\n<link rel=\"canonical\" href=\"https:\/\/ic-lotos.org.ba\/en\/o-nama-old\/nasi-clanovi\/\" \/>\n<meta property=\"og:locale\" content=\"en_US\" \/>\n<meta property=\"og:type\" content=\"article\" \/>\n<meta property=\"og:title\" content=\"Na\u0161i \u010dlanovi - IC Lotos Tuzla\" \/>\n<meta property=\"og:description\" content=\"Na\u0161i \u010dlanovi Obavijest o pristupanju \u010dlanstvu Informativni centar za osobe sa invaliditetom &#8220;Lotos&#8221; Tuzla (I.C. \u201cLotos\u201d) Odlukom Skup\u0161tine Udru\u017eenja I.C. &#8220;Lotos&#8221; Tuzla na sastanku odr\u017eanom 17. avgusta 2022. godine usvojen je novi Statut Informativnog centra za osobe s invaliditetom \u201cLotos\u201d [&hellip;]\" \/>\n<meta property=\"og:url\" content=\"https:\/\/ic-lotos.org.ba\/en\/o-nama-old\/nasi-clanovi\/\" \/>\n<meta property=\"og:site_name\" content=\"IC Lotos Tuzla\" \/>\n<meta property=\"article:publisher\" content=\"https:\/\/www.facebook.com\/iclotos\/\" \/>\n<meta property=\"article:modified_time\" content=\"2024-09-06T20:31:39+00:00\" \/>\n<meta property=\"og:image\" content=\"https:\/\/ic-lotos.org.ba\/wp-content\/uploads\/2023\/10\/naslovna-1.jpg\" \/>\n\t<meta property=\"og:image:width\" content=\"1920\" \/>\n\t<meta property=\"og:image:height\" content=\"600\" \/>\n\t<meta property=\"og:image:type\" content=\"image\/jpeg\" \/>\n<meta name=\"twitter:card\" content=\"summary_large_image\" \/>\n<meta name=\"twitter:label1\" content=\"Est. reading time\" \/>\n\t<meta name=\"twitter:data1\" content=\"2 minutes\" \/>\n<script type=\"application\/ld+json\" class=\"yoast-schema-graph\">{\"@context\":\"https:\\\/\\\/schema.org\",\"@graph\":[{\"@type\":\"WebPage\",\"@id\":\"https:\\\/\\\/ic-lotos.org.ba\\\/o-nama-old\\\/nasi-clanovi\\\/\",\"url\":\"https:\\\/\\\/ic-lotos.org.ba\\\/o-nama-old\\\/nasi-clanovi\\\/\",\"name\":\"Na\u0161i \u010dlanovi - IC Lotos Tuzla\",\"isPartOf\":{\"@id\":\"https:\\\/\\\/ic-lotos.org.ba\\\/#website\"},\"datePublished\":\"2023-10-20T12:15:33+00:00\",\"dateModified\":\"2024-09-06T20:31:39+00:00\",\"breadcrumb\":{\"@id\":\"https:\\\/\\\/ic-lotos.org.ba\\\/o-nama-old\\\/nasi-clanovi\\\/#breadcrumb\"},\"inLanguage\":\"en-US\",\"potentialAction\":[{\"@type\":\"ReadAction\",\"target\":[\"https:\\\/\\\/ic-lotos.org.ba\\\/o-nama-old\\\/nasi-clanovi\\\/\"]}]},{\"@type\":\"BreadcrumbList\",\"@id\":\"https:\\\/\\\/ic-lotos.org.ba\\\/o-nama-old\\\/nasi-clanovi\\\/#breadcrumb\",\"itemListElement\":[{\"@type\":\"ListItem\",\"position\":1,\"name\":\"Naslovna\",\"item\":\"https:\\\/\\\/ic-lotos.org.ba\\\/\"},{\"@type\":\"ListItem\",\"position\":2,\"name\":\"O nama\",\"item\":\"https:\\\/\\\/ic-lotos.org.ba\\\/o-nama-old\\\/\"},{\"@type\":\"ListItem\",\"position\":3,\"name\":\"Na\u0161i \u010dlanovi\"}]},{\"@type\":\"WebSite\",\"@id\":\"https:\\\/\\\/ic-lotos.org.ba\\\/#website\",\"url\":\"https:\\\/\\\/ic-lotos.org.ba\\\/\",\"name\":\"IC Lotos Tuzla\",\"description\":\"Informativni centar \u201cLotos\u201d okuplja osobe sa ili bez invaliditeta koje su zainteresovane da svojim radom bilo na profesionalnoj ili volonterskoj osnovi doprinesu ostvarivanju misije organizacije.\",\"publisher\":{\"@id\":\"https:\\\/\\\/ic-lotos.org.ba\\\/#organization\"},\"potentialAction\":[{\"@type\":\"SearchAction\",\"target\":{\"@type\":\"EntryPoint\",\"urlTemplate\":\"https:\\\/\\\/ic-lotos.org.ba\\\/?s={search_term_string}\"},\"query-input\":{\"@type\":\"PropertyValueSpecification\",\"valueRequired\":true,\"valueName\":\"search_term_string\"}}],\"inLanguage\":\"en-US\"},{\"@type\":\"Organization\",\"@id\":\"https:\\\/\\\/ic-lotos.org.ba\\\/#organization\",\"name\":\"IC Lotos Tuzla\",\"url\":\"https:\\\/\\\/ic-lotos.org.ba\\\/\",\"logo\":{\"@type\":\"ImageObject\",\"inLanguage\":\"en-US\",\"@id\":\"https:\\\/\\\/ic-lotos.org.ba\\\/#\\\/schema\\\/logo\\\/image\\\/\",\"url\":\"https:\\\/\\\/ic-lotos.org.ba\\\/wp-content\\\/uploads\\\/2019\\\/11\\\/logo.jpg\",\"contentUrl\":\"https:\\\/\\\/ic-lotos.org.ba\\\/wp-content\\\/uploads\\\/2019\\\/11\\\/logo.jpg\",\"width\":575,\"height\":623,\"caption\":\"IC Lotos Tuzla\"},\"image\":{\"@id\":\"https:\\\/\\\/ic-lotos.org.ba\\\/#\\\/schema\\\/logo\\\/image\\\/\"},\"sameAs\":[\"https:\\\/\\\/www.facebook.com\\\/iclotos\\\/\",\"https:\\\/\\\/www.youtube.com\\\/feed\\\/library\"]}]}<\/script>\n<!-- \/ Yoast SEO plugin. -->","yoast_head_json":{"title":"Na\u0161i \u010dlanovi - IC Lotos Tuzla","robots":{"index":"index","follow":"follow","max-snippet":"max-snippet:-1","max-image-preview":"max-image-preview:large","max-video-preview":"max-video-preview:-1"},"canonical":"https:\/\/ic-lotos.org.ba\/en\/o-nama-old\/nasi-clanovi\/","og_locale":"en_US","og_type":"article","og_title":"Na\u0161i \u010dlanovi - IC Lotos Tuzla","og_description":"Na\u0161i \u010dlanovi Obavijest o pristupanju \u010dlanstvu Informativni centar za osobe sa invaliditetom &#8220;Lotos&#8221; Tuzla (I.C. \u201cLotos\u201d) Odlukom Skup\u0161tine Udru\u017eenja I.C. &#8220;Lotos&#8221; Tuzla na sastanku odr\u017eanom 17. avgusta 2022. godine usvojen je novi Statut Informativnog centra za osobe s invaliditetom \u201cLotos\u201d [&hellip;]","og_url":"https:\/\/ic-lotos.org.ba\/en\/o-nama-old\/nasi-clanovi\/","og_site_name":"IC Lotos Tuzla","article_publisher":"https:\/\/www.facebook.com\/iclotos\/","article_modified_time":"2024-09-06T20:31:39+00:00","og_image":[{"width":1920,"height":600,"url":"https:\/\/ic-lotos.org.ba\/wp-content\/uploads\/2023\/10\/naslovna-1.jpg","type":"image\/jpeg"}],"twitter_card":"summary_large_image","twitter_misc":{"Est. reading time":"2 minutes"},"schema":{"@context":"https:\/\/schema.org","@graph":[{"@type":"WebPage","@id":"https:\/\/ic-lotos.org.ba\/o-nama-old\/nasi-clanovi\/","url":"https:\/\/ic-lotos.org.ba\/o-nama-old\/nasi-clanovi\/","name":"Na\u0161i \u010dlanovi - IC Lotos Tuzla","isPartOf":{"@id":"https:\/\/ic-lotos.org.ba\/#website"},"datePublished":"2023-10-20T12:15:33+00:00","dateModified":"2024-09-06T20:31:39+00:00","breadcrumb":{"@id":"https:\/\/ic-lotos.org.ba\/o-nama-old\/nasi-clanovi\/#breadcrumb"},"inLanguage":"en-US","potentialAction":[{"@type":"ReadAction","target":["https:\/\/ic-lotos.org.ba\/o-nama-old\/nasi-clanovi\/"]}]},{"@type":"BreadcrumbList","@id":"https:\/\/ic-lotos.org.ba\/o-nama-old\/nasi-clanovi\/#breadcrumb","itemListElement":[{"@type":"ListItem","position":1,"name":"Naslovna","item":"https:\/\/ic-lotos.org.ba\/"},{"@type":"ListItem","position":2,"name":"O nama","item":"https:\/\/ic-lotos.org.ba\/o-nama-old\/"},{"@type":"ListItem","position":3,"name":"Na\u0161i \u010dlanovi"}]},{"@type":"WebSite","@id":"https:\/\/ic-lotos.org.ba\/#website","url":"https:\/\/ic-lotos.org.ba\/","name":"IC Lotos Tuzla","description":"Informativni centar \u201cLotos\u201d okuplja osobe sa ili bez invaliditeta koje su zainteresovane da svojim radom bilo na profesionalnoj ili volonterskoj osnovi doprinesu ostvarivanju misije organizacije.","publisher":{"@id":"https:\/\/ic-lotos.org.ba\/#organization"},"potentialAction":[{"@type":"SearchAction","target":{"@type":"EntryPoint","urlTemplate":"https:\/\/ic-lotos.org.ba\/?s={search_term_string}"},"query-input":{"@type":"PropertyValueSpecification","valueRequired":true,"valueName":"search_term_string"}}],"inLanguage":"en-US"},{"@type":"Organization","@id":"https:\/\/ic-lotos.org.ba\/#organization","name":"IC Lotos Tuzla","url":"https:\/\/ic-lotos.org.ba\/","logo":{"@type":"ImageObject","inLanguage":"en-US","@id":"https:\/\/ic-lotos.org.ba\/#\/schema\/logo\/image\/","url":"https:\/\/ic-lotos.org.ba\/wp-content\/uploads\/2019\/11\/logo.jpg","contentUrl":"https:\/\/ic-lotos.org.ba\/wp-content\/uploads\/2019\/11\/logo.jpg","width":575,"height":623,"caption":"IC Lotos Tuzla"},"image":{"@id":"https:\/\/ic-lotos.org.ba\/#\/schema\/logo\/image\/"},"sameAs":["https:\/\/www.facebook.com\/iclotos\/","https:\/\/www.youtube.com\/feed\/library"]}]}},"_links":{"self":[{"href":"https:\/\/ic-lotos.org.ba\/en\/wp-json\/wp\/v2\/pages\/14575","targetHints":{"allow":["GET"]}}],"collection":[{"href":"https:\/\/ic-lotos.org.ba\/en\/wp-json\/wp\/v2\/pages"}],"about":[{"href":"https:\/\/ic-lotos.org.ba\/en\/wp-json\/wp\/v2\/types\/page"}],"author":[{"embeddable":true,"href":"https:\/\/ic-lotos.org.ba\/en\/wp-json\/wp\/v2\/users\/1"}],"replies":[{"embeddable":true,"href":"https:\/\/ic-lotos.org.ba\/en\/wp-json\/wp\/v2\/comments?post=14575"}],"version-history":[{"count":9,"href":"https:\/\/ic-lotos.org.ba\/en\/wp-json\/wp\/v2\/pages\/14575\/revisions"}],"predecessor-version":[{"id":15419,"href":"https:\/\/ic-lotos.org.ba\/en\/wp-json\/wp\/v2\/pages\/14575\/revisions\/15419"}],"up":[{"embeddable":true,"href":"https:\/\/ic-lotos.org.ba\/en\/wp-json\/wp\/v2\/pages\/5601"}],"wp:attachment":[{"href":"https:\/\/ic-lotos.org.ba\/en\/wp-json\/wp\/v2\/media?parent=14575"}],"curies":[{"name":"wp","href":"https:\/\/api.w.org\/{rel}","templated":true}]}}